{"id":17,"date":"2018-03-11T19:22:04","date_gmt":"2018-03-11T18:22:04","guid":{"rendered":"https:\/\/wpdemo.xiro.es\/?page_id=17"},"modified":"2019-06-04T14:42:49","modified_gmt":"2019-06-04T12:42:49","slug":"aviso-legal","status":"publish","type":"page","link":"https:\/\/mbmedicalcenter.es\/?page_id=17","title":{"rendered":"Aviso Legal"},"content":{"rendered":"<p>[et_pb_section bb_built=&#8221;1&#8243; fullwidth=&#8221;on&#8221; specialty=&#8221;off&#8221; next_background_color=&#8221;#000000&#8243; inner_width=&#8221;auto&#8221; inner_max_width=&#8221;none&#8221;][et_pb_fullwidth_header _builder_version=&#8221;3.19.8&#8243; title=&#8221;Aviso legal&#8221; background_color=&#8221;#888888&#8243; text_orientation=&#8221;center&#8221; title_text_color=&#8221;#ffffff&#8221; content_text_color=&#8221;#ffffff&#8221; title_font_size=&#8221;42px&#8221;]<\/p>\n<h2>Informaci\u00f3n de inter\u00e9s sobre el propietario de este sitio web<\/h2>\n<p>[\/et_pb_fullwidth_header][\/et_pb_section][et_pb_section bb_built=&#8221;1&#8243; prev_background_color=&#8221;#000000&#8243; inner_width=&#8221;auto&#8221; inner_max_width=&#8221;none&#8221;][et_pb_row][et_pb_column type=&#8221;4_4&#8243;][et_pb_text admin_label=&#8221;Informaci\u00f3n sobre Datos Personales&#8221; _builder_version=&#8221;3.19.8&#8243;]<\/p>\n<h3>Informaci\u00f3n sobre Datos Personales<\/h3>\n<p>En cumplimiento de lo dispuesto en la Ley Org\u00e1nica 15\/1999 de 13 de Diciembre, de Protecci\u00f3n de Datos de car\u00e1cter personal, se le informa que los datos facilitados por Ud. podr\u00e1n ser incorporados a un fichero de datos de cuyo tratamiento es responsable <strong>XXXXXXXX<\/strong>, en adelante LA EMPRESA con domicilio en <strong>XXXXXX, 500XX, Zaragoza. CIF: XXXXXXXXXX.<\/strong> Los tratamientos de datos se realizar\u00e1n exclusivamente para finalidades propias de la relaci\u00f3n jur\u00eddica que le vincule con Ud. y ofrecerle informaci\u00f3n sobre actividades, as\u00ed como de materias propias de la actividad desarrollada por LA\u00a0EMPRESA. Igualmente informamos que podr\u00e1 ejercitar sus derechos de acceso, rectificaci\u00f3n y cancelaci\u00f3n, as\u00ed como oponerse a su tratamiento, en los t\u00e9rminos legalmente previstos, dirigiendo un escrito en dicho sentido al responsable del fichero, en la direcci\u00f3n arriba indicada.<\/p>\n<p>[\/et_pb_text][\/et_pb_column][\/et_pb_row][et_pb_row][et_pb_column type=&#8221;4_4&#8243;][et_pb_text admin_label=&#8221;Propiedad Intelectual&#8221; _builder_version=&#8221;3.19.8&#8243;]<\/p>\n<h3>Propiedad Intelectual<\/h3>\n<p>LA\u00a0EMPRESA ostenta todos los derechos de propiedad intelectual de este sitio<\/p>\n<p>[\/et_pb_text][\/et_pb_column][\/et_pb_row][et_pb_row][et_pb_column type=&#8221;4_4&#8243;][et_pb_text admin_label=&#8221;Direcci\u00f3n IP&#8221; _builder_version=&#8221;3.19.8&#8243;]<\/p>\n<h3>Direcci\u00f3n IP<\/h3>\n<p>Este sitio puede capturar su direcci\u00f3n IP y otros datos de tr\u00e1fico. LA\u00a0EMPRESA\u00a0no realizar\u00e1 ileg\u00edtimamente tratamientos de dichos datos con independencia de aquellos que se consideren procedentes para gestionar correctamente su conexi\u00f3n.<\/p>\n<p>[\/et_pb_text][\/et_pb_column][\/et_pb_row][\/et_pb_section]<\/p>\n","protected":false},"excerpt":{"rendered":"<p>[et_pb_section bb_built=&#8221;1&#8243; fullwidth=&#8221;on&#8221; specialty=&#8221;off&#8221; next_background_color=&#8221;#000000&#8243; inner_width=&#8221;auto&#8221; inner_max_width=&#8221;none&#8221;][et_pb_fullwidth_header _builder_version=&#8221;3.19.8&#8243; title=&#8221;Aviso legal&#8221; background_color=&#8221;#888888&#8243; text_orientation=&#8221;center&#8221; title_text_color=&#8221;#ffffff&#8221; content_text_color=&#8221;#ffffff&#8221; title_font_size=&#8221;42px&#8221;] Informaci\u00f3n de inter\u00e9s sobre el propietario de este sitio web [\/et_pb_fullwidth_header][\/et_pb_section][et_pb_section bb_built=&#8221;1&#8243; prev_background_color=&#8221;#000000&#8243; inner_width=&#8221;auto&#8221; inner_max_width=&#8221;none&#8221;][et_pb_row][et_pb_column type=&#8221;4_4&#8243;][et_pb_text admin_label=&#8221;Informaci\u00f3n sobre Datos Personales&#8221; _builder_version=&#8221;3.19.8&#8243;] Informaci\u00f3n sobre Datos Personales En cumplimiento de lo dispuesto en la Ley Org\u00e1nica 15\/1999 de 13 de Diciembre, de [&hellip;]<\/p>\n","protected":false},"author":1,"featured_media":0,"parent":0,"menu_order":0,"comment_status":"closed","ping_status":"closed","template":"","meta":{"_et_pb_use_builder":"on","_et_pb_old_content":"<h3>Informaci\u00f3n sobre Datos Personales<\/h3><p>En cumplimiento de lo dispuesto en la Ley Org\u00e1nica 15\/1999 de 13 de Diciembre, de Protecci\u00f3n de Datos de car\u00e1cter personal, se le informa que los datos facilitados por Ud. podr\u00e1n ser incorporados a un fichero de datos de cuyo tratamiento es responsable <strong>XXXXXXXX<\/strong>, en adelante LA EMPRESA con domicilio en <strong>XXXXXX, 500XX, Zaragoza. CIF: XXXXXXXXXX.<\/strong><\/p><p>Los tratamientos de datos se realizar\u00e1n exclusivamente para finalidades propias de la relaci\u00f3n jur\u00eddica que le vincule con Ud. y ofrecerle informaci\u00f3n sobre actividades, as\u00ed como de materias propias de la actividad desarrollada por LA\u00a0EMPRESA.<\/p><p>Igualmente informamos que podr\u00e1 ejercitar sus derechos de acceso, rectificaci\u00f3n y cancelaci\u00f3n, as\u00ed como oponerse a su tratamiento, en los t\u00e9rminos legalmente previstos, dirigiendo un escrito en dicho sentido al responsable del fichero, en la direcci\u00f3n arriba indicada.<\/p><h3>Propiedad Intelectual<\/h3><p>LA\u00a0EMPRESA ostenta todos los derechos de propiedad intelectual de este sitio<\/p><h3>Direcci\u00f3n IP<\/h3><p>Este sitio puede capturar su direcci\u00f3n IP y otros datos de tr\u00e1fico. LA\u00a0EMPRESA\u00a0no realizar\u00e1 ileg\u00edtimamente tratamientos de dichos datos con independencia de aquellos que se consideren procedentes para gestionar correctamente su conexi\u00f3n.<\/p>"},"_links":{"self":[{"href":"https:\/\/mbmedicalcenter.es\/index.php?rest_route=\/wp\/v2\/pages\/17"}],"collection":[{"href":"https:\/\/mbmedicalcenter.es\/index.php?rest_route=\/wp\/v2\/pages"}],"about":[{"href":"https:\/\/mbmedicalcenter.es\/index.php?rest_route=\/wp\/v2\/types\/page"}],"author":[{"embeddable":true,"href":"https:\/\/mbmedicalcenter.es\/index.php?rest_route=\/wp\/v2\/users\/1"}],"replies":[{"embeddable":true,"href":"https:\/\/mbmedicalcenter.es\/index.php?rest_route=%2Fwp%2Fv2%2Fcomments&post=17"}],"version-history":[{"count":8,"href":"https:\/\/mbmedicalcenter.es\/index.php?rest_route=\/wp\/v2\/pages\/17\/revisions"}],"predecessor-version":[{"id":215139,"href":"https:\/\/mbmedicalcenter.es\/index.php?rest_route=\/wp\/v2\/pages\/17\/revisions\/215139"}],"wp:attachment":[{"href":"https:\/\/mbmedicalcenter.es\/index.php?rest_route=%2Fwp%2Fv2%2Fmedia&parent=17"}],"curies":[{"name":"wp","href":"https:\/\/api.w.org\/{rel}","templated":true}]}}